{"id":2,"date":"2024-09-20T11:16:08","date_gmt":"2024-09-20T11:16:08","guid":{"rendered":"https:\/\/carpinteriaartetxe.rkinformatika.online\/?page_id=2"},"modified":"2024-12-19T11:14:17","modified_gmt":"2024-12-19T11:14:17","slug":"inicio","status":"publish","type":"page","link":"https:\/\/asilerlaboral.com\/eu\/","title":{"rendered":"Hasiera"},"content":{"rendered":"<div data-elementor-type=\"wp-page\" data-elementor-id=\"2\" class=\"elementor elementor-2\" data-elementor-post-type=\"page\">\n\t\t\t\t<div class=\"elementor-element elementor-element-99bfd16 e-con-full e-flex e-con e-parent\" data-id=\"99bfd16\" data-element_type=\"container\" data-e-type=\"container\" data-settings=\"{&quot;background_background&quot;:&quot;classic&quot;}\">\n\t\t\t\t<div class=\"elementor-element elementor-element-fe7d472 elementor-widget elementor-widget-heading\" data-id=\"fe7d472\" data-element_type=\"widget\" data-e-type=\"widget\" data-widget_type=\"heading.default\">\n\t\t\t\t<div class=\"elementor-widget-container\">\n\t\t\t\t\t<h2 class=\"elementor-heading-title elementor-size-default\">suministro de <br>protecci\u00f3n laboral<\/h2>\t\t\t\t<\/div>\n\t\t\t\t<\/div>\n\t\t\t\t<\/div>\n\t\t<div class=\"elementor-element elementor-element-86dc876 e-flex e-con-boxed e-con e-parent\" data-id=\"86dc876\" data-element_type=\"container\" data-e-type=\"container\">\n\t\t\t\t\t<div class=\"e-con-inner\">\n\t\t<div class=\"elementor-element elementor-element-7e47aad e-con-full e-flex e-con e-child\" data-id=\"7e47aad\" data-element_type=\"container\" data-e-type=\"container\" data-settings=\"{&quot;background_background&quot;:&quot;classic&quot;}\">\n\t\t\t\t<\/div>\n\t\t<div class=\"elementor-element elementor-element-e54591e e-con-full e-flex e-con e-child\" data-id=\"e54591e\" data-element_type=\"container\" data-e-type=\"container\">\n\t\t\t\t<div class=\"elementor-element elementor-element-54c724a elementor-widget__width-initial elementor-widget elementor-widget-heading\" data-id=\"54c724a\" data-element_type=\"widget\" data-e-type=\"widget\" data-widget_type=\"heading.default\">\n\t\t\t\t<div class=\"elementor-widget-container\">\n\t\t\t\t\t<h2 class=\"elementor-heading-title elementor-size-default\">Guri Buruz<\/h2>\t\t\t\t<\/div>\n\t\t\t\t<\/div>\n\t\t\t\t<div class=\"elementor-element elementor-element-7278379 elementor-widget elementor-widget-text-editor\" data-id=\"7278379\" data-element_type=\"widget\" data-e-type=\"widget\" data-widget_type=\"text-editor.default\">\n\t\t\t\t<div class=\"elementor-widget-container\">\n\t\t\t\t\t\t\t\t\t<p>En <strong>Asiler Protection S.L<\/strong>, nos especializamos en el suministro de <strong>vestuario laboral<\/strong>, <strong>calzado<\/strong> y <strong>EPI\u2019s<\/strong> (Equipos de Protecci\u00f3n Individual), dise\u00f1ados para garantizar la seguridad y comodidad de los trabajadores en cualquier sector.<\/p><p>Con a\u00f1os de experiencia en el sector, somos el socio confiable que necesitas para mantener a tu equipo protegido y preparado.<\/p><p>Desde Amorebieta-Echano, te ofrecemos un servicio personalizado, ayud\u00e1ndote a elegir la mejor soluci\u00f3n seg\u00fan las necesidades de tu actividad profesional. Nos enfocamos en:<\/p><ul><li><strong>Seguridad:<\/strong> Priorizamos la protecci\u00f3n integral de los trabajadores.<\/li><li><strong>Comodidad:<\/strong> Dise\u00f1os funcionales que aseguran el bienestar en el d\u00eda a d\u00eda.<\/li><li><strong>Estilo Profesional:<\/strong> Opciones que combinan imagen corporativa con funcionalidad.<\/li><\/ul><p>\u00a0<\/p>\t\t\t\t\t\t\t\t<\/div>\n\t\t\t\t<\/div>\n\t\t\t\t<\/div>\n\t\t\t\t\t<\/div>\n\t\t\t\t<\/div>\n\t\t<div class=\"elementor-element elementor-element-6f17978 e-con-full e-flex e-con e-parent\" data-id=\"6f17978\" data-element_type=\"container\" data-e-type=\"container\">\n\t\t\t\t<div class=\"elementor-element elementor-element-94e6235 elementor-cta--skin-cover elementor-animated-content elementor-bg-transform elementor-bg-transform-zoom-in elementor-widget elementor-widget-call-to-action\" data-id=\"94e6235\" data-element_type=\"widget\" data-e-type=\"widget\" data-widget_type=\"call-to-action.default\">\n\t\t\t\t<div class=\"elementor-widget-container\">\n\t\t\t\t\t\t\t<div class=\"elementor-cta\">\n\t\t\t\t\t<div class=\"elementor-cta__bg-wrapper\">\n\t\t\t\t<div class=\"elementor-cta__bg elementor-bg\" style=\"background-image: url(https:\/\/asilerlaboral.com\/wp-content\/uploads\/2024\/12\/11392-1024x683.jpg);\" role=\"img\" aria-label=\"11392\"><\/div>\n\t\t\t\t<div class=\"elementor-cta__bg-overlay\"><\/div>\n\t\t\t<\/div>\n\t\t\t\t\t\t\t<div class=\"elementor-cta__content\">\n\t\t\t\t\n\t\t\t\t\t\t\t\t\t<h2 class=\"elementor-cta__title elementor-cta__content-item elementor-content-item elementor-animated-item--grow\">\n\t\t\t\t\t\tTu Aliado en Protecci\u00f3n Laboral\t\t\t\t\t<\/h2>\n\t\t\t\t\n\t\t\t\t\n\t\t\t\t\t\t\t\t\t<div class=\"elementor-cta__button-wrapper elementor-cta__content-item elementor-content-item elementor-animated-item--grow\">\n\t\t\t\t\t<a class=\"elementor-cta__button elementor-button elementor-size-\" href=\"https:\/\/asilerlaboral.com\/eu\/servicios\/\">\n\t\t\t\t\t\tProductos\t\t\t\t\t<\/a>\n\t\t\t\t\t<\/div>\n\t\t\t\t\t\t\t<\/div>\n\t\t\t\t\t\t<\/div>\n\t\t\t\t\t\t<\/div>\n\t\t\t\t<\/div>\n\t\t\t\t<\/div>\n\t\t\t\t<\/div>","protected":false},"excerpt":{"rendered":"<p>suministro de protecci\u00f3n laboral Sobre Nosotros En Asiler Protection S.L, nos especializamos en el suministro de vestuario laboral, calzado y EPI\u2019s (Equipos de Protecci\u00f3n Individual), dise\u00f1ados para garantizar la seguridad y comodidad de los trabajadores en cualquier sector. Con a\u00f1os de experiencia en el sector, somos el socio confiable que necesitas para mantener a tu [&hellip;]<\/p>\n","protected":false},"author":3,"featured_media":0,"parent":0,"menu_order":0,"comment_status":"closed","ping_status":"closed","template":"","meta":{"footnotes":""},"class_list":["post-2","page","type-page","status-publish","hentry"],"yoast_head":"<!-- This site is optimized with the Yoast SEO plugin v27.3 - https:\/\/yoast.com\/product\/yoast-seo-wordpress\/ -->\n<title>Inicio - Asiler LAboral<\/title>\n<meta name=\"robots\" content=\"index, follow, max-snippet:-1, max-image-preview:large, max-video-preview:-1\" \/>\n<link rel=\"canonical\" href=\"https:\/\/asilerlaboral.com\/eu\/\" \/>\n<meta property=\"og:locale\" content=\"en_US\" \/>\n<meta property=\"og:type\" content=\"article\" \/>\n<meta property=\"og:title\" content=\"Inicio - Asiler LAboral\" \/>\n<meta property=\"og:description\" content=\"suministro de protecci\u00f3n laboral Sobre Nosotros En Asiler Protection S.L, nos especializamos en el suministro de vestuario laboral, calzado y EPI\u2019s (Equipos de Protecci\u00f3n Individual), dise\u00f1ados para garantizar la seguridad y comodidad de los trabajadores en cualquier sector. Con a\u00f1os de experiencia en el sector, somos el socio confiable que necesitas para mantener a tu [&hellip;]\" \/>\n<meta property=\"og:url\" content=\"https:\/\/asilerlaboral.com\/eu\/\" \/>\n<meta property=\"og:site_name\" content=\"Asiler LAboral\" \/>\n<meta property=\"article:modified_time\" content=\"2024-12-19T11:14:17+00:00\" \/>\n<meta name=\"twitter:card\" content=\"summary_large_image\" \/>\n<meta name=\"twitter:label1\" content=\"Est. reading time\" \/>\n\t<meta name=\"twitter:data1\" content=\"1 minutua\" \/>\n<script type=\"application\/ld+json\" class=\"yoast-schema-graph\">{\"@context\":\"https:\\\/\\\/schema.org\",\"@graph\":[{\"@type\":\"WebPage\",\"@id\":\"https:\\\/\\\/asilerlaboral.com\\\/\",\"url\":\"https:\\\/\\\/asilerlaboral.com\\\/\",\"name\":\"Inicio - Asiler LAboral\",\"isPartOf\":{\"@id\":\"https:\\\/\\\/asilerlaboral.com\\\/#website\"},\"datePublished\":\"2024-09-20T11:16:08+00:00\",\"dateModified\":\"2024-12-19T11:14:17+00:00\",\"breadcrumb\":{\"@id\":\"https:\\\/\\\/asilerlaboral.com\\\/#breadcrumb\"},\"inLanguage\":\"eu\",\"potentialAction\":[{\"@type\":\"ReadAction\",\"target\":[\"https:\\\/\\\/asilerlaboral.com\\\/\"]}]},{\"@type\":\"BreadcrumbList\",\"@id\":\"https:\\\/\\\/asilerlaboral.com\\\/#breadcrumb\",\"itemListElement\":[{\"@type\":\"ListItem\",\"position\":1,\"name\":\"Portada\",\"item\":\"https:\\\/\\\/asilerlaboral.com\\\/\"},{\"@type\":\"ListItem\",\"position\":2,\"name\":\"Inicio\"}]},{\"@type\":\"WebSite\",\"@id\":\"https:\\\/\\\/asilerlaboral.com\\\/#website\",\"url\":\"https:\\\/\\\/asilerlaboral.com\\\/\",\"name\":\"Asiler LAboral\",\"description\":\"Vestuario Laboral, calzado y Epis\",\"publisher\":{\"@id\":\"https:\\\/\\\/asilerlaboral.com\\\/#organization\"},\"potentialAction\":[{\"@type\":\"SearchAction\",\"target\":{\"@type\":\"EntryPoint\",\"urlTemplate\":\"https:\\\/\\\/asilerlaboral.com\\\/?s={search_term_string}\"},\"query-input\":{\"@type\":\"PropertyValueSpecification\",\"valueRequired\":true,\"valueName\":\"search_term_string\"}}],\"inLanguage\":\"eu\"},{\"@type\":\"Organization\",\"@id\":\"https:\\\/\\\/asilerlaboral.com\\\/#organization\",\"name\":\"Asiler LAboral\",\"url\":\"https:\\\/\\\/asilerlaboral.com\\\/\",\"logo\":{\"@type\":\"ImageObject\",\"inLanguage\":\"eu\",\"@id\":\"https:\\\/\\\/asilerlaboral.com\\\/#\\\/schema\\\/logo\\\/image\\\/\",\"url\":\"https:\\\/\\\/asilerlaboral.com\\\/wp-content\\\/uploads\\\/2024\\\/12\\\/cropped-Design-sem-nome.png\",\"contentUrl\":\"https:\\\/\\\/asilerlaboral.com\\\/wp-content\\\/uploads\\\/2024\\\/12\\\/cropped-Design-sem-nome.png\",\"width\":500,\"height\":500,\"caption\":\"Asiler LAboral\"},\"image\":{\"@id\":\"https:\\\/\\\/asilerlaboral.com\\\/#\\\/schema\\\/logo\\\/image\\\/\"}}]}<\/script>\n<!-- \/ Yoast SEO plugin. -->","yoast_head_json":{"title":"Inicio - Asiler LAboral","robots":{"index":"index","follow":"follow","max-snippet":"max-snippet:-1","max-image-preview":"max-image-preview:large","max-video-preview":"max-video-preview:-1"},"canonical":"https:\/\/asilerlaboral.com\/eu\/","og_locale":"en_US","og_type":"article","og_title":"Inicio - Asiler LAboral","og_description":"suministro de protecci\u00f3n laboral Sobre Nosotros En Asiler Protection S.L, nos especializamos en el suministro de vestuario laboral, calzado y EPI\u2019s (Equipos de Protecci\u00f3n Individual), dise\u00f1ados para garantizar la seguridad y comodidad de los trabajadores en cualquier sector. Con a\u00f1os de experiencia en el sector, somos el socio confiable que necesitas para mantener a tu [&hellip;]","og_url":"https:\/\/asilerlaboral.com\/eu\/","og_site_name":"Asiler LAboral","article_modified_time":"2024-12-19T11:14:17+00:00","twitter_card":"summary_large_image","twitter_misc":{"Est. reading time":"1 minutua"},"schema":{"@context":"https:\/\/schema.org","@graph":[{"@type":"WebPage","@id":"https:\/\/asilerlaboral.com\/","url":"https:\/\/asilerlaboral.com\/","name":"Inicio - Asiler LAboral","isPartOf":{"@id":"https:\/\/asilerlaboral.com\/#website"},"datePublished":"2024-09-20T11:16:08+00:00","dateModified":"2024-12-19T11:14:17+00:00","breadcrumb":{"@id":"https:\/\/asilerlaboral.com\/#breadcrumb"},"inLanguage":"eu","potentialAction":[{"@type":"ReadAction","target":["https:\/\/asilerlaboral.com\/"]}]},{"@type":"BreadcrumbList","@id":"https:\/\/asilerlaboral.com\/#breadcrumb","itemListElement":[{"@type":"ListItem","position":1,"name":"Portada","item":"https:\/\/asilerlaboral.com\/"},{"@type":"ListItem","position":2,"name":"Inicio"}]},{"@type":"WebSite","@id":"https:\/\/asilerlaboral.com\/#website","url":"https:\/\/asilerlaboral.com\/","name":"Asiler LAboral","description":"Vestuario Laboral, calzado y Epis","publisher":{"@id":"https:\/\/asilerlaboral.com\/#organization"},"potentialAction":[{"@type":"SearchAction","target":{"@type":"EntryPoint","urlTemplate":"https:\/\/asilerlaboral.com\/?s={search_term_string}"},"query-input":{"@type":"PropertyValueSpecification","valueRequired":true,"valueName":"search_term_string"}}],"inLanguage":"eu"},{"@type":"Organization","@id":"https:\/\/asilerlaboral.com\/#organization","name":"Asiler LAboral","url":"https:\/\/asilerlaboral.com\/","logo":{"@type":"ImageObject","inLanguage":"eu","@id":"https:\/\/asilerlaboral.com\/#\/schema\/logo\/image\/","url":"https:\/\/asilerlaboral.com\/wp-content\/uploads\/2024\/12\/cropped-Design-sem-nome.png","contentUrl":"https:\/\/asilerlaboral.com\/wp-content\/uploads\/2024\/12\/cropped-Design-sem-nome.png","width":500,"height":500,"caption":"Asiler LAboral"},"image":{"@id":"https:\/\/asilerlaboral.com\/#\/schema\/logo\/image\/"}}]}},"_links":{"self":[{"href":"https:\/\/asilerlaboral.com\/eu\/wp-json\/wp\/v2\/pages\/2","targetHints":{"allow":["GET"]}}],"collection":[{"href":"https:\/\/asilerlaboral.com\/eu\/wp-json\/wp\/v2\/pages"}],"about":[{"href":"https:\/\/asilerlaboral.com\/eu\/wp-json\/wp\/v2\/types\/page"}],"author":[{"embeddable":true,"href":"https:\/\/asilerlaboral.com\/eu\/wp-json\/wp\/v2\/users\/3"}],"replies":[{"embeddable":true,"href":"https:\/\/asilerlaboral.com\/eu\/wp-json\/wp\/v2\/comments?post=2"}],"version-history":[{"count":155,"href":"https:\/\/asilerlaboral.com\/eu\/wp-json\/wp\/v2\/pages\/2\/revisions"}],"predecessor-version":[{"id":533,"href":"https:\/\/asilerlaboral.com\/eu\/wp-json\/wp\/v2\/pages\/2\/revisions\/533"}],"wp:attachment":[{"href":"https:\/\/asilerlaboral.com\/eu\/wp-json\/wp\/v2\/media?parent=2"}],"curies":[{"name":"wp","href":"https:\/\/api.w.org\/{rel}","templated":true}]}}